{"id":273,"date":"2024-02-20T10:22:15","date_gmt":"2024-02-20T09:22:15","guid":{"rendered":"https:\/\/tcm.043test.nl\/?page_id=273"},"modified":"2024-03-04T11:29:00","modified_gmt":"2024-03-04T10:29:00","slug":"business-chauffeur","status":"publish","type":"page","link":"https:\/\/taxicentralemaastricht.nl\/de\/business-chauffeur\/","title":{"rendered":"Business-Treiber"},"content":{"rendered":"<div data-elementor-type=\"wp-page\" data-elementor-id=\"273\" class=\"elementor elementor-273\" data-elementor-post-type=\"page\">\n\t\t\t\t<div class=\"elementor-element elementor-element-828be11 e-flex e-con-boxed e-con e-parent\" data-id=\"828be11\" data-element_type=\"container\" data-e-type=\"container\" data-settings=\"{&quot;background_background&quot;:&quot;classic&quot;,&quot;jet_parallax_layout_list&quot;:[]}\">\n\t\t\t\t\t<div class=\"e-con-inner\">\n\t\t\t\t<div class=\"elementor-element elementor-element-4214e88 elementor-widget elementor-widget-heading\" data-id=\"4214e88\" data-element_type=\"widget\" data-e-type=\"widget\" data-widget_type=\"heading.default\">\n\t\t\t\t<div class=\"elementor-widget-container\">\n\t\t\t\t\t<h2 class=\"elementor-heading-title elementor-size-default\">Business-Treiber<\/h2>\t\t\t\t<\/div>\n\t\t\t\t<\/div>\n\t\t\t\t\t<\/div>\n\t\t\t\t<\/div>\n\t\t<div class=\"elementor-element elementor-element-3984ba0 e-flex e-con-boxed e-con e-parent\" data-id=\"3984ba0\" data-element_type=\"container\" data-e-type=\"container\" data-settings=\"{&quot;jet_parallax_layout_list&quot;:[]}\">\n\t\t\t\t\t<div class=\"e-con-inner\">\n\t\t<div class=\"elementor-element elementor-element-c80d107 e-con-full e-flex e-con e-child\" data-id=\"c80d107\" data-element_type=\"container\" data-e-type=\"container\" data-settings=\"{&quot;jet_parallax_layout_list&quot;:[]}\">\n\t\t\t\t<div class=\"elementor-element elementor-element-be5cb89 elementor-widget elementor-widget-image\" data-id=\"be5cb89\" data-element_type=\"widget\" data-e-type=\"widget\" data-widget_type=\"image.default\">\n\t\t\t\t<div class=\"elementor-widget-container\">\n\t\t\t\t\t\t\t\t\t\t\t\t\t\t\t<img fetchpriority=\"high\" decoding=\"async\" width=\"1280\" height=\"853\" src=\"https:\/\/taxicentralemaastricht.nl\/wp-content\/uploads\/2024\/02\/shutterstock_441511084-Large.jpeg\" class=\"attachment-full size-full wp-image-210\" alt=\"Taxi Maastricht\" srcset=\"https:\/\/taxicentralemaastricht.nl\/wp-content\/uploads\/2024\/02\/shutterstock_441511084-Large.jpeg 1280w, https:\/\/taxicentralemaastricht.nl\/wp-content\/uploads\/2024\/02\/shutterstock_441511084-Large-300x200.jpeg 300w, https:\/\/taxicentralemaastricht.nl\/wp-content\/uploads\/2024\/02\/shutterstock_441511084-Large-1024x682.jpeg 1024w, https:\/\/taxicentralemaastricht.nl\/wp-content\/uploads\/2024\/02\/shutterstock_441511084-Large-768x512.jpeg 768w\" sizes=\"(max-width: 1280px) 100vw, 1280px\" \/>\t\t\t\t\t\t\t\t\t\t\t\t\t\t\t<\/div>\n\t\t\t\t<\/div>\n\t\t\t\t<\/div>\n\t\t<div class=\"elementor-element elementor-element-06fbece e-con-full e-flex elementor-invisible e-con e-child\" data-id=\"06fbece\" data-element_type=\"container\" data-e-type=\"container\" data-settings=\"{&quot;animation&quot;:&quot;fadeInRight&quot;,&quot;jet_parallax_layout_list&quot;:[]}\">\n\t\t\t\t<div class=\"elementor-element elementor-element-743d2b9 elementor-widget elementor-widget-heading\" data-id=\"743d2b9\" data-element_type=\"widget\" data-e-type=\"widget\" data-widget_type=\"heading.default\">\n\t\t\t\t<div class=\"elementor-widget-container\">\n\t\t\t\t\t<h3 class=\"elementor-heading-title elementor-size-default\">Business-Treiber<\/h3>\t\t\t\t<\/div>\n\t\t\t\t<\/div>\n\t\t\t\t<div class=\"elementor-element elementor-element-578bc64 elementor-widget elementor-widget-text-editor\" data-id=\"578bc64\" data-element_type=\"widget\" data-e-type=\"widget\" data-widget_type=\"text-editor.default\">\n\t\t\t\t<div class=\"elementor-widget-container\">\n\t\t\t\t\t\t\t\t\t<div class=\"page\" title=\"Seite 5\"><div class=\"layoutArea\"><div class=\"column\"><p>Exzellenter Service von A bis Z, daf\u00fcr steht TCM - ASL. Sie sind auf der Suche nach einem Business-Taxi-Service? Dann sind Sie bei uns genau richtig.<\/p><\/div><\/div><\/div>\t\t\t\t\t\t\t\t<\/div>\n\t\t\t\t<\/div>\n\t\t\t\t<div class=\"elementor-element elementor-element-1362186 elementor-icon-list--layout-traditional elementor-list-item-link-full_width elementor-widget elementor-widget-icon-list\" data-id=\"1362186\" data-element_type=\"widget\" data-e-type=\"widget\" data-widget_type=\"icon-list.default\">\n\t\t\t\t<div class=\"elementor-widget-container\">\n\t\t\t\t\t\t\t<ul class=\"elementor-icon-list-items\">\n\t\t\t\t\t\t\t<li class=\"elementor-icon-list-item\">\n\t\t\t\t\t\t\t\t\t\t\t<span class=\"elementor-icon-list-icon\">\n\t\t\t\t\t\t\t<i aria-hidden=\"true\" class=\"fas fa-check-double\"><\/i>\t\t\t\t\t\t<\/span>\n\t\t\t\t\t\t\t\t\t\t<span class=\"elementor-icon-list-text\">Speziell ausgebildete(r) repr\u00e4sentative(r) Fahrer;<\/span>\n\t\t\t\t\t\t\t\t\t<\/li>\n\t\t\t\t\t\t\t\t<li class=\"elementor-icon-list-item\">\n\t\t\t\t\t\t\t\t\t\t\t<span class=\"elementor-icon-list-icon\">\n\t\t\t\t\t\t\t<i aria-hidden=\"true\" class=\"fas fa-check-double\"><\/i>\t\t\t\t\t\t<\/span>\n\t\t\t\t\t\t\t\t\t\t<span class=\"elementor-icon-list-text\">Alle unsere Business-Fahrer besitzen das CCV\/D1-Zertifikat. Das Qualit\u00e4tssiegel f\u00fcr exzellente Chauffeure. In Bezug auf Umgangsformen und Fahrk\u00fcnste sind sie eine Klasse f\u00fcr sich;<\/span>\n\t\t\t\t\t\t\t\t\t<\/li>\n\t\t\t\t\t\t\t\t<li class=\"elementor-icon-list-item\">\n\t\t\t\t\t\t\t\t\t\t\t<span class=\"elementor-icon-list-icon\">\n\t\t\t\t\t\t\t<i aria-hidden=\"true\" class=\"fas fa-check-double\"><\/i>\t\t\t\t\t\t<\/span>\n\t\t\t\t\t\t\t\t\t\t<span class=\"elementor-icon-list-text\">Bei Bedarf k\u00f6nnen Sie einen ma\u00dfgeschneiderten Service buchen. Bitte geben Sie Ihre W\u00fcnsche bei der Buchung an.<\/span>\n\t\t\t\t\t\t\t\t\t<\/li>\n\t\t\t\t\t\t<\/ul>\n\t\t\t\t\t\t<\/div>\n\t\t\t\t<\/div>\n\t\t\t\t<div class=\"elementor-element elementor-element-4d6e79f elementor-widget elementor-widget-spacer\" data-id=\"4d6e79f\" data-element_type=\"widget\" data-e-type=\"widget\" data-widget_type=\"spacer.default\">\n\t\t\t\t<div class=\"elementor-widget-container\">\n\t\t\t\t\t\t\t<div class=\"elementor-spacer\">\n\t\t\t<div class=\"elementor-spacer-inner\"><\/div>\n\t\t<\/div>\n\t\t\t\t\t\t<\/div>\n\t\t\t\t<\/div>\n\t\t\t\t<div class=\"elementor-element elementor-element-9bb4edc elementor-widget elementor-widget-text-editor\" data-id=\"9bb4edc\" data-element_type=\"widget\" data-e-type=\"widget\" data-widget_type=\"text-editor.default\">\n\t\t\t\t<div class=\"elementor-widget-container\">\n\t\t\t\t\t\t\t\t\t<div class=\"page\" title=\"Seite 5\"><div class=\"layoutArea\"><div class=\"column\"><div class=\"page\" title=\"Seite 5\"><div class=\"layoutArea\"><div class=\"column\"><p>Qualit\u00e4t, Professionalit\u00e4t, Komfort, Service und Flexibilit\u00e4t stehen bei uns im Mittelpunkt. Besprechen Sie die M\u00f6glichkeiten und Ihre W\u00fcnsche mit einem unserer Mitarbeiter. Wir unterbreiten Ihnen gerne ein passendes, ma\u00dfgeschneidertes Qualit\u00e4tsangebot. Haben Sie noch Fragen? Sie k\u00f6nnen uns telefonisch erreichen unter <a href=\"tel:+31432041020\">+31 43 204 10 20<\/a> (an Werktagen zwischen 09:00 und 17:00 Uhr) oder per Post an <a href=\"mailto:tcm.business@outlook.com\">tcm.business@outlook.com<\/a>. Haben Sie eine dringende Frage? Sie k\u00f6nnen uns 24\/7 per Telefon oder Whatsapp erreichen unter <a href=\"tel:+31655904543\">+31 6 55 90 45 43<\/a><\/p><\/div><\/div><\/div><\/div><\/div><\/div>\t\t\t\t\t\t\t\t<\/div>\n\t\t\t\t<\/div>\n\t\t\t\t<\/div>\n\t\t\t\t\t<\/div>\n\t\t\t\t<\/div>\n\t\t\t\t<\/div>","protected":false},"excerpt":{"rendered":"<p>Business Chauffeur Business Chauffeur Een excellente service van A tot Z, dat is waar TCM \u2013 ASL voor staat. Bent u opzoek naar een Business-taxidienst? Dan bent u bij ons aan het juiste adres. Speciaal opgeleide representatieve chauffeur(s); Al onze Business chauffeurs zijn in het bezit van het CCV\/D1 certificaat. Het kwaliteitskeurmerk voor excellente directiechauffeurs. [&hellip;]<\/p>\n","protected":false},"author":1,"featured_media":0,"parent":0,"menu_order":0,"comment_status":"closed","ping_status":"closed","template":"elementor_header_footer","meta":{"footnotes":""},"class_list":["post-273","page","type-page","status-publish","hentry"],"_links":{"self":[{"href":"https:\/\/taxicentralemaastricht.nl\/de\/wp-json\/wp\/v2\/pages\/273","targetHints":{"allow":["GET"]}}],"collection":[{"href":"https:\/\/taxicentralemaastricht.nl\/de\/wp-json\/wp\/v2\/pages"}],"about":[{"href":"https:\/\/taxicentralemaastricht.nl\/de\/wp-json\/wp\/v2\/types\/page"}],"author":[{"embeddable":true,"href":"https:\/\/taxicentralemaastricht.nl\/de\/wp-json\/wp\/v2\/users\/1"}],"replies":[{"embeddable":true,"href":"https:\/\/taxicentralemaastricht.nl\/de\/wp-json\/wp\/v2\/comments?post=273"}],"version-history":[{"count":5,"href":"https:\/\/taxicentralemaastricht.nl\/de\/wp-json\/wp\/v2\/pages\/273\/revisions"}],"predecessor-version":[{"id":588,"href":"https:\/\/taxicentralemaastricht.nl\/de\/wp-json\/wp\/v2\/pages\/273\/revisions\/588"}],"wp:attachment":[{"href":"https:\/\/taxicentralemaastricht.nl\/de\/wp-json\/wp\/v2\/media?parent=273"}],"curies":[{"name":"wp","href":"https:\/\/api.w.org\/{rel}","templated":true}]}}