{"id":237,"date":"2024-02-19T15:23:30","date_gmt":"2024-02-19T14:23:30","guid":{"rendered":"https:\/\/tcm.043test.nl\/?page_id=237"},"modified":"2024-02-27T10:47:05","modified_gmt":"2024-02-27T09:47:05","slug":"onze-diensten","status":"publish","type":"page","link":"https:\/\/taxicentralemaastricht.nl\/es\/onze-diensten\/","title":{"rendered":"Nuestros servicios"},"content":{"rendered":"<div data-elementor-type=\"wp-page\" data-elementor-id=\"237\" class=\"elementor elementor-237\" data-elementor-post-type=\"page\">\n\t\t\t\t<div class=\"elementor-element elementor-element-078daf6 e-flex e-con-boxed e-con e-parent\" data-id=\"078daf6\" data-element_type=\"container\" data-e-type=\"container\" data-settings=\"{&quot;background_background&quot;:&quot;classic&quot;,&quot;jet_parallax_layout_list&quot;:[]}\">\n\t\t\t\t\t<div class=\"e-con-inner\">\n\t\t\t\t<div class=\"elementor-element elementor-element-ae5a6cd elementor-widget elementor-widget-heading\" data-id=\"ae5a6cd\" data-element_type=\"widget\" data-e-type=\"widget\" data-widget_type=\"heading.default\">\n\t\t\t\t<div class=\"elementor-widget-container\">\n\t\t\t\t\t<h2 class=\"elementor-heading-title elementor-size-default\">Nuestros servicios<\/h2>\t\t\t\t<\/div>\n\t\t\t\t<\/div>\n\t\t\t\t\t<\/div>\n\t\t\t\t<\/div>\n\t\t<div class=\"elementor-element elementor-element-9541283 e-flex e-con-boxed e-con e-parent\" data-id=\"9541283\" data-element_type=\"container\" data-e-type=\"container\" data-settings=\"{&quot;jet_parallax_layout_list&quot;:[]}\">\n\t\t\t\t\t<div class=\"e-con-inner\">\n\t\t\t\t<div class=\"elementor-element elementor-element-31efc86 elementor-widget elementor-widget-heading\" data-id=\"31efc86\" data-element_type=\"widget\" data-e-type=\"widget\" data-widget_type=\"heading.default\">\n\t\t\t\t<div class=\"elementor-widget-container\">\n\t\t\t\t\t<h3 class=\"elementor-heading-title elementor-size-default\">Servicios de Taxi Centrale Maastricht<\/h3>\t\t\t\t<\/div>\n\t\t\t\t<\/div>\n\t\t<div class=\"elementor-element elementor-element-7a050db e-con-full e-flex elementor-invisible e-con e-child\" data-id=\"7a050db\" data-element_type=\"container\" data-e-type=\"container\" data-settings=\"{&quot;animation&quot;:&quot;fadeInUp&quot;,&quot;jet_parallax_layout_list&quot;:[]}\">\n\t\t<div class=\"elementor-element elementor-element-336d100 e-con-full e-flex e-con e-child\" data-id=\"336d100\" data-element_type=\"container\" data-e-type=\"container\" data-settings=\"{&quot;background_background&quot;:&quot;classic&quot;,&quot;jet_parallax_layout_list&quot;:[]}\">\n\t\t\t\t<div class=\"elementor-element elementor-element-10e66ba elementor-widget elementor-widget-image\" data-id=\"10e66ba\" data-element_type=\"widget\" data-e-type=\"widget\" data-widget_type=\"image.default\">\n\t\t\t\t<div class=\"elementor-widget-container\">\n\t\t\t\t\t\t\t\t\t\t\t\t\t\t\t<img fetchpriority=\"high\" decoding=\"async\" width=\"1280\" height=\"853\" src=\"https:\/\/taxicentralemaastricht.nl\/wp-content\/uploads\/2024\/02\/shutterstock_1994929460-Large.jpeg\" class=\"attachment-full size-full wp-image-247\" alt=\"Taxi Maastricht\" srcset=\"https:\/\/taxicentralemaastricht.nl\/wp-content\/uploads\/2024\/02\/shutterstock_1994929460-Large.jpeg 1280w, https:\/\/taxicentralemaastricht.nl\/wp-content\/uploads\/2024\/02\/shutterstock_1994929460-Large-300x200.jpeg 300w, https:\/\/taxicentralemaastricht.nl\/wp-content\/uploads\/2024\/02\/shutterstock_1994929460-Large-1024x682.jpeg 1024w, https:\/\/taxicentralemaastricht.nl\/wp-content\/uploads\/2024\/02\/shutterstock_1994929460-Large-768x512.jpeg 768w\" sizes=\"(max-width: 1280px) 100vw, 1280px\" \/>\t\t\t\t\t\t\t\t\t\t\t\t\t\t\t<\/div>\n\t\t\t\t<\/div>\n\t\t\t\t<div class=\"elementor-element elementor-element-530f64e elementor-widget__width-initial elementor-widget elementor-widget-heading\" data-id=\"530f64e\" data-element_type=\"widget\" data-e-type=\"widget\" data-widget_type=\"heading.default\">\n\t\t\t\t<div class=\"elementor-widget-container\">\n\t\t\t\t\t<h4 class=\"elementor-heading-title elementor-size-default\">Gesti\u00f3n - Conductor VIP<\/h4>\t\t\t\t<\/div>\n\t\t\t\t<\/div>\n\t\t\t\t<div class=\"elementor-element elementor-element-bceff1f elementor-align-justify elementor-widget elementor-widget-button\" data-id=\"bceff1f\" data-element_type=\"widget\" data-e-type=\"widget\" data-widget_type=\"button.default\">\n\t\t\t\t<div class=\"elementor-widget-container\">\n\t\t\t\t\t\t\t\t\t<div class=\"elementor-button-wrapper\">\n\t\t\t\t\t<a class=\"elementor-button elementor-button-link elementor-size-md elementor-animation-shrink\" href=\"https:\/\/taxicentralemaastricht.nl\/es\/business-chauffeur\/\">\n\t\t\t\t\t\t<span class=\"elementor-button-content-wrapper\">\n\t\t\t\t\t\t\t\t\t<span class=\"elementor-button-text\">Seguir leyendo<\/span>\n\t\t\t\t\t<\/span>\n\t\t\t\t\t<\/a>\n\t\t\t\t<\/div>\n\t\t\t\t\t\t\t\t<\/div>\n\t\t\t\t<\/div>\n\t\t\t\t<\/div>\n\t\t<div class=\"elementor-element elementor-element-730d3d3 e-con-full e-flex e-con e-child\" data-id=\"730d3d3\" data-element_type=\"container\" data-e-type=\"container\" data-settings=\"{&quot;background_background&quot;:&quot;classic&quot;,&quot;jet_parallax_layout_list&quot;:[]}\">\n\t\t\t\t<div class=\"elementor-element elementor-element-92966bd elementor-widget elementor-widget-image\" data-id=\"92966bd\" data-element_type=\"widget\" data-e-type=\"widget\" data-widget_type=\"image.default\">\n\t\t\t\t<div class=\"elementor-widget-container\">\n\t\t\t\t\t\t\t\t\t\t\t\t\t\t\t<img decoding=\"async\" width=\"1280\" height=\"853\" src=\"https:\/\/taxicentralemaastricht.nl\/wp-content\/uploads\/2024\/02\/shutterstock_670699633-Large.jpeg\" class=\"attachment-full size-full wp-image-248\" alt=\"Taxi Maastricht\" srcset=\"https:\/\/taxicentralemaastricht.nl\/wp-content\/uploads\/2024\/02\/shutterstock_670699633-Large.jpeg 1280w, https:\/\/taxicentralemaastricht.nl\/wp-content\/uploads\/2024\/02\/shutterstock_670699633-Large-300x200.jpeg 300w, https:\/\/taxicentralemaastricht.nl\/wp-content\/uploads\/2024\/02\/shutterstock_670699633-Large-1024x682.jpeg 1024w, https:\/\/taxicentralemaastricht.nl\/wp-content\/uploads\/2024\/02\/shutterstock_670699633-Large-768x512.jpeg 768w\" sizes=\"(max-width: 1280px) 100vw, 1280px\" \/>\t\t\t\t\t\t\t\t\t\t\t\t\t\t\t<\/div>\n\t\t\t\t<\/div>\n\t\t\t\t<div class=\"elementor-element elementor-element-b745259 elementor-widget__width-initial elementor-widget elementor-widget-heading\" data-id=\"b745259\" data-element_type=\"widget\" data-e-type=\"widget\" data-widget_type=\"heading.default\">\n\t\t\t\t<div class=\"elementor-widget-container\">\n\t\t\t\t\t<h4 class=\"elementor-heading-title elementor-size-default\">Viaje completo<\/h4>\t\t\t\t<\/div>\n\t\t\t\t<\/div>\n\t\t\t\t<div class=\"elementor-element elementor-element-584238f elementor-widget elementor-widget-text-editor\" data-id=\"584238f\" data-element_type=\"widget\" data-e-type=\"widget\" data-widget_type=\"text-editor.default\">\n\t\t\t\t<div class=\"elementor-widget-container\">\n\t\t\t\t\t\t\t\t\t<div class=\"page\" title=\"P\u00e1gina 4\"><div class=\"layoutArea\"><div class=\"column\"><p>\u00bfQuiere que sus viajes de negocios est\u00e9n organizados hasta el \u00faltimo detalle para sus viajeros? Nuestros experimentados asesores de viajes de negocios le despreocupar\u00e1n por completo y le ayudar\u00e1n a gestionar todas sus necesidades.<\/p><p>\u00bfDesea m\u00e1s informaci\u00f3n? No dude en ponerse en contacto con nosotros a trav\u00e9s de <a href=\"mailto:info@taxicentralemaastricht.nl\">info@taxicentralemaastricht.nl.<\/a><\/p><\/div><\/div><\/div>\t\t\t\t\t\t\t\t<\/div>\n\t\t\t\t<\/div>\n\t\t\t\t<\/div>\n\t\t<div class=\"elementor-element elementor-element-e43f374 e-con-full e-flex e-con e-child\" data-id=\"e43f374\" data-element_type=\"container\" data-e-type=\"container\" data-settings=\"{&quot;background_background&quot;:&quot;classic&quot;,&quot;jet_parallax_layout_list&quot;:[]}\">\n\t\t\t\t<div class=\"elementor-element elementor-element-c4fce1d elementor-widget elementor-widget-image\" data-id=\"c4fce1d\" data-element_type=\"widget\" data-e-type=\"widget\" data-widget_type=\"image.default\">\n\t\t\t\t<div class=\"elementor-widget-container\">\n\t\t\t\t\t\t\t\t\t\t\t\t\t\t\t<img decoding=\"async\" width=\"1280\" height=\"853\" src=\"https:\/\/taxicentralemaastricht.nl\/wp-content\/uploads\/2024\/02\/shutterstock_2028194681-Large.jpeg\" class=\"attachment-full size-full wp-image-249\" alt=\"Taxi Maastricht\" srcset=\"https:\/\/taxicentralemaastricht.nl\/wp-content\/uploads\/2024\/02\/shutterstock_2028194681-Large.jpeg 1280w, https:\/\/taxicentralemaastricht.nl\/wp-content\/uploads\/2024\/02\/shutterstock_2028194681-Large-300x200.jpeg 300w, https:\/\/taxicentralemaastricht.nl\/wp-content\/uploads\/2024\/02\/shutterstock_2028194681-Large-1024x682.jpeg 1024w, https:\/\/taxicentralemaastricht.nl\/wp-content\/uploads\/2024\/02\/shutterstock_2028194681-Large-768x512.jpeg 768w\" sizes=\"(max-width: 1280px) 100vw, 1280px\" \/>\t\t\t\t\t\t\t\t\t\t\t\t\t\t\t<\/div>\n\t\t\t\t<\/div>\n\t\t\t\t<div class=\"elementor-element elementor-element-9e6610e elementor-widget__width-initial elementor-widget elementor-widget-heading\" data-id=\"9e6610e\" data-element_type=\"widget\" data-e-type=\"widget\" data-widget_type=\"heading.default\">\n\t\t\t\t<div class=\"elementor-widget-container\">\n\t\t\t\t\t<h4 class=\"elementor-heading-title elementor-size-default\">Traslados aeropuerto<\/h4>\t\t\t\t<\/div>\n\t\t\t\t<\/div>\n\t\t\t\t<div class=\"elementor-element elementor-element-14af529 elementor-widget elementor-widget-text-editor\" data-id=\"14af529\" data-element_type=\"widget\" data-e-type=\"widget\" data-widget_type=\"text-editor.default\">\n\t\t\t\t<div class=\"elementor-widget-container\">\n\t\t\t\t\t\t\t\t\t<div class=\"page\" title=\"P\u00e1gina 4\"><div class=\"layoutArea\"><div class=\"column\"><div class=\"page\" title=\"P\u00e1gina 4\"><div class=\"layoutArea\"><div class=\"column\"><div class=\"page\" title=\"P\u00e1gina 2\"><div class=\"section\"><div class=\"layoutArea\"><div class=\"column\"><p>Con nuestro servicio de aeropuerto, viajar\u00e1 r\u00e1pida y c\u00f3modamente de puerta a puerta. Estamos a su disposici\u00f3n todos los d\u00edas para que sus vacaciones y\/o su viaje de negocios comiencen sin preocupaciones. Taxi Centrale Maastricht - Airport Service Limburg le ofrece la mejor manera de viajar c\u00f3modamente y con seguridad en taxi desde y hacia el aeropuerto.<\/p><p>Nuestros taxis le llevar\u00e1n a los distintos aeropuertos de los Pa\u00edses Bajos, B\u00e9lgica y Alemania o, alternativamente, le recoger\u00e1n en el aeropuerto.<\/p><\/div><\/div><\/div><\/div><\/div><\/div><\/div><\/div><\/div><\/div>\t\t\t\t\t\t\t\t<\/div>\n\t\t\t\t<\/div>\n\t\t\t\t<div class=\"elementor-element elementor-element-400fdcd elementor-align-justify elementor-widget elementor-widget-button\" data-id=\"400fdcd\" data-element_type=\"widget\" data-e-type=\"widget\" data-widget_type=\"button.default\">\n\t\t\t\t<div class=\"elementor-widget-container\">\n\t\t\t\t\t\t\t\t\t<div class=\"elementor-button-wrapper\">\n\t\t\t\t\t<a class=\"elementor-button elementor-button-link elementor-size-md elementor-animation-shrink\" href=\"https:\/\/taxicentralemaastricht.nl\/es\/reserveren\/\">\n\t\t\t\t\t\t<span class=\"elementor-button-content-wrapper\">\n\t\t\t\t\t\t\t\t\t<span class=\"elementor-button-text\">Reserve ahora<\/span>\n\t\t\t\t\t<\/span>\n\t\t\t\t\t<\/a>\n\t\t\t\t<\/div>\n\t\t\t\t\t\t\t\t<\/div>\n\t\t\t\t<\/div>\n\t\t\t\t<\/div>\n\t\t\t\t<\/div>\n\t\t\t\t\t<\/div>\n\t\t\t\t<\/div>\n\t\t\t\t<\/div>","protected":false},"excerpt":{"rendered":"<p>Onze Diensten Diensten van Taxi Centrale Maastricht Directie \u2013 VIP-chauffeur Meer info Travel compleet Wilt u uw zakenreis tot in de puntjes geregeld hebben voor uw reizigers? Onze ervaren business travel consultants ontzorgen u volledig en helpen u al uw wensen te managen. Wilt u meer informatie omtrent het voorgaande? Neem vrijblijvend contact met ons [&hellip;]<\/p>\n","protected":false},"author":1,"featured_media":0,"parent":0,"menu_order":0,"comment_status":"closed","ping_status":"closed","template":"elementor_header_footer","meta":{"footnotes":""},"class_list":["post-237","page","type-page","status-publish","hentry"],"_links":{"self":[{"href":"https:\/\/taxicentralemaastricht.nl\/es\/wp-json\/wp\/v2\/pages\/237","targetHints":{"allow":["GET"]}}],"collection":[{"href":"https:\/\/taxicentralemaastricht.nl\/es\/wp-json\/wp\/v2\/pages"}],"about":[{"href":"https:\/\/taxicentralemaastricht.nl\/es\/wp-json\/wp\/v2\/types\/page"}],"author":[{"embeddable":true,"href":"https:\/\/taxicentralemaastricht.nl\/es\/wp-json\/wp\/v2\/users\/1"}],"replies":[{"embeddable":true,"href":"https:\/\/taxicentralemaastricht.nl\/es\/wp-json\/wp\/v2\/comments?post=237"}],"version-history":[{"count":5,"href":"https:\/\/taxicentralemaastricht.nl\/es\/wp-json\/wp\/v2\/pages\/237\/revisions"}],"predecessor-version":[{"id":530,"href":"https:\/\/taxicentralemaastricht.nl\/es\/wp-json\/wp\/v2\/pages\/237\/revisions\/530"}],"wp:attachment":[{"href":"https:\/\/taxicentralemaastricht.nl\/es\/wp-json\/wp\/v2\/media?parent=237"}],"curies":[{"name":"wp","href":"https:\/\/api.w.org\/{rel}","templated":true}]}}