{"id":273,"date":"2024-02-20T10:22:15","date_gmt":"2024-02-20T09:22:15","guid":{"rendered":"https:\/\/tcm.043test.nl\/?page_id=273"},"modified":"2024-03-04T11:29:00","modified_gmt":"2024-03-04T10:29:00","slug":"business-chauffeur","status":"publish","type":"page","link":"https:\/\/taxicentralemaastricht.nl\/fr\/business-chauffeur\/","title":{"rendered":"Conducteur d'entreprise"},"content":{"rendered":"<div data-elementor-type=\"wp-page\" data-elementor-id=\"273\" class=\"elementor elementor-273\" data-elementor-post-type=\"page\">\n\t\t\t\t<div class=\"elementor-element elementor-element-828be11 e-flex e-con-boxed e-con e-parent\" data-id=\"828be11\" data-element_type=\"container\" data-e-type=\"container\" data-settings=\"{&quot;background_background&quot;:&quot;classic&quot;,&quot;jet_parallax_layout_list&quot;:[]}\">\n\t\t\t\t\t<div class=\"e-con-inner\">\n\t\t\t\t<div class=\"elementor-element elementor-element-4214e88 elementor-widget elementor-widget-heading\" data-id=\"4214e88\" data-element_type=\"widget\" data-e-type=\"widget\" data-widget_type=\"heading.default\">\n\t\t\t\t<div class=\"elementor-widget-container\">\n\t\t\t\t\t<h2 class=\"elementor-heading-title elementor-size-default\">Conducteur d'entreprise<\/h2>\t\t\t\t<\/div>\n\t\t\t\t<\/div>\n\t\t\t\t\t<\/div>\n\t\t\t\t<\/div>\n\t\t<div class=\"elementor-element elementor-element-3984ba0 e-flex e-con-boxed e-con e-parent\" data-id=\"3984ba0\" data-element_type=\"container\" data-e-type=\"container\" data-settings=\"{&quot;jet_parallax_layout_list&quot;:[]}\">\n\t\t\t\t\t<div class=\"e-con-inner\">\n\t\t<div class=\"elementor-element elementor-element-c80d107 e-con-full e-flex e-con e-child\" data-id=\"c80d107\" data-element_type=\"container\" data-e-type=\"container\" data-settings=\"{&quot;jet_parallax_layout_list&quot;:[]}\">\n\t\t\t\t<div class=\"elementor-element elementor-element-be5cb89 elementor-widget elementor-widget-image\" data-id=\"be5cb89\" data-element_type=\"widget\" data-e-type=\"widget\" data-widget_type=\"image.default\">\n\t\t\t\t<div class=\"elementor-widget-container\">\n\t\t\t\t\t\t\t\t\t\t\t\t\t\t\t<img fetchpriority=\"high\" decoding=\"async\" width=\"1280\" height=\"853\" src=\"https:\/\/taxicentralemaastricht.nl\/wp-content\/uploads\/2024\/02\/shutterstock_441511084-Large.jpeg\" class=\"attachment-full size-full wp-image-210\" alt=\"Taxi Maastricht\" srcset=\"https:\/\/taxicentralemaastricht.nl\/wp-content\/uploads\/2024\/02\/shutterstock_441511084-Large.jpeg 1280w, https:\/\/taxicentralemaastricht.nl\/wp-content\/uploads\/2024\/02\/shutterstock_441511084-Large-300x200.jpeg 300w, https:\/\/taxicentralemaastricht.nl\/wp-content\/uploads\/2024\/02\/shutterstock_441511084-Large-1024x682.jpeg 1024w, https:\/\/taxicentralemaastricht.nl\/wp-content\/uploads\/2024\/02\/shutterstock_441511084-Large-768x512.jpeg 768w\" sizes=\"(max-width: 1280px) 100vw, 1280px\" \/>\t\t\t\t\t\t\t\t\t\t\t\t\t\t\t<\/div>\n\t\t\t\t<\/div>\n\t\t\t\t<\/div>\n\t\t<div class=\"elementor-element elementor-element-06fbece e-con-full e-flex elementor-invisible e-con e-child\" data-id=\"06fbece\" data-element_type=\"container\" data-e-type=\"container\" data-settings=\"{&quot;animation&quot;:&quot;fadeInRight&quot;,&quot;jet_parallax_layout_list&quot;:[]}\">\n\t\t\t\t<div class=\"elementor-element elementor-element-743d2b9 elementor-widget elementor-widget-heading\" data-id=\"743d2b9\" data-element_type=\"widget\" data-e-type=\"widget\" data-widget_type=\"heading.default\">\n\t\t\t\t<div class=\"elementor-widget-container\">\n\t\t\t\t\t<h3 class=\"elementor-heading-title elementor-size-default\">Conducteur d'entreprise<\/h3>\t\t\t\t<\/div>\n\t\t\t\t<\/div>\n\t\t\t\t<div class=\"elementor-element elementor-element-578bc64 elementor-widget elementor-widget-text-editor\" data-id=\"578bc64\" data-element_type=\"widget\" data-e-type=\"widget\" data-widget_type=\"text-editor.default\">\n\t\t\t\t<div class=\"elementor-widget-container\">\n\t\t\t\t\t\t\t\t\t<div class=\"page\" title=\"Page 5\"><div class=\"layoutArea\"><div class=\"column\"><p>Un excellent service de A \u00e0 Z, c'est ce que TCM - ASL repr\u00e9sente. Vous \u00eates \u00e0 la recherche d'un service de taxi d'affaires ? Vous \u00eates alors \u00e0 la bonne adresse.<\/p><\/div><\/div><\/div>\t\t\t\t\t\t\t\t<\/div>\n\t\t\t\t<\/div>\n\t\t\t\t<div class=\"elementor-element elementor-element-1362186 elementor-icon-list--layout-traditional elementor-list-item-link-full_width elementor-widget elementor-widget-icon-list\" data-id=\"1362186\" data-element_type=\"widget\" data-e-type=\"widget\" data-widget_type=\"icon-list.default\">\n\t\t\t\t<div class=\"elementor-widget-container\">\n\t\t\t\t\t\t\t<ul class=\"elementor-icon-list-items\">\n\t\t\t\t\t\t\t<li class=\"elementor-icon-list-item\">\n\t\t\t\t\t\t\t\t\t\t\t<span class=\"elementor-icon-list-icon\">\n\t\t\t\t\t\t\t<i aria-hidden=\"true\" class=\"fas fa-check-double\"><\/i>\t\t\t\t\t\t<\/span>\n\t\t\t\t\t\t\t\t\t\t<span class=\"elementor-icon-list-text\">Chauffeur(s) repr\u00e9sentant(s) sp\u00e9cialement form\u00e9(s) ;<\/span>\n\t\t\t\t\t\t\t\t\t<\/li>\n\t\t\t\t\t\t\t\t<li class=\"elementor-icon-list-item\">\n\t\t\t\t\t\t\t\t\t\t\t<span class=\"elementor-icon-list-icon\">\n\t\t\t\t\t\t\t<i aria-hidden=\"true\" class=\"fas fa-check-double\"><\/i>\t\t\t\t\t\t<\/span>\n\t\t\t\t\t\t\t\t\t\t<span class=\"elementor-icon-list-text\">Tous nos chauffeurs d'affaires sont titulaires du certificat CCV\/D1. C'est le label de qualit\u00e9 des excellents chauffeurs d'affaires. En termes de mani\u00e8res et de comp\u00e9tences de conduite, ils sont dans une classe \u00e0 part ;<\/span>\n\t\t\t\t\t\t\t\t\t<\/li>\n\t\t\t\t\t\t\t\t<li class=\"elementor-icon-list-item\">\n\t\t\t\t\t\t\t\t\t\t\t<span class=\"elementor-icon-list-icon\">\n\t\t\t\t\t\t\t<i aria-hidden=\"true\" class=\"fas fa-check-double\"><\/i>\t\t\t\t\t\t<\/span>\n\t\t\t\t\t\t\t\t\t\t<span class=\"elementor-icon-list-text\">Si vous le souhaitez, vous pouvez r\u00e9server un service sur mesure. Veuillez faire part de vos souhaits lors de la r\u00e9servation.<\/span>\n\t\t\t\t\t\t\t\t\t<\/li>\n\t\t\t\t\t\t<\/ul>\n\t\t\t\t\t\t<\/div>\n\t\t\t\t<\/div>\n\t\t\t\t<div class=\"elementor-element elementor-element-4d6e79f elementor-widget elementor-widget-spacer\" data-id=\"4d6e79f\" data-element_type=\"widget\" data-e-type=\"widget\" data-widget_type=\"spacer.default\">\n\t\t\t\t<div class=\"elementor-widget-container\">\n\t\t\t\t\t\t\t<div class=\"elementor-spacer\">\n\t\t\t<div class=\"elementor-spacer-inner\"><\/div>\n\t\t<\/div>\n\t\t\t\t\t\t<\/div>\n\t\t\t\t<\/div>\n\t\t\t\t<div class=\"elementor-element elementor-element-9bb4edc elementor-widget elementor-widget-text-editor\" data-id=\"9bb4edc\" data-element_type=\"widget\" data-e-type=\"widget\" data-widget_type=\"text-editor.default\">\n\t\t\t\t<div class=\"elementor-widget-container\">\n\t\t\t\t\t\t\t\t\t<div class=\"page\" title=\"Page 5\"><div class=\"layoutArea\"><div class=\"column\"><div class=\"page\" title=\"Page 5\"><div class=\"layoutArea\"><div class=\"column\"><p>Qualit\u00e9, professionnalisme, confort, service et flexibilit\u00e9 sont nos priorit\u00e9s. Discutez des possibilit\u00e9s et de vos souhaits avec l'un de nos collaborateurs. Nous nous ferons un plaisir de vous proposer une offre de qualit\u00e9 adapt\u00e9e et personnalis\u00e9e. Vous avez des questions ? Vous pouvez nous joindre par t\u00e9l\u00e9phone au <a href=\"tel:+31432041020\">+31 43 204 10 20<\/a> (les jours ouvrables entre 09h00 et 17h00) ou par courrier \u00e0 l'adresse suivante <a href=\"mailto:tcm.business@outlook.com\">tcm.business@outlook.com<\/a>. Vous avez une question urgente ? Vous pouvez nous joindre 24 heures sur 24 et 7 jours sur 7 par t\u00e9l\u00e9phone ou par whatsapp \u00e0 l'adresse suivante <a href=\"tel:+31655904543\">+31 6 55 90 45 43<\/a><\/p><\/div><\/div><\/div><\/div><\/div><\/div>\t\t\t\t\t\t\t\t<\/div>\n\t\t\t\t<\/div>\n\t\t\t\t<\/div>\n\t\t\t\t\t<\/div>\n\t\t\t\t<\/div>\n\t\t\t\t<\/div>","protected":false},"excerpt":{"rendered":"<p>Business Chauffeur Business Chauffeur Een excellente service van A tot Z, dat is waar TCM \u2013 ASL voor staat. Bent u opzoek naar een Business-taxidienst? Dan bent u bij ons aan het juiste adres. Speciaal opgeleide representatieve chauffeur(s); Al onze Business chauffeurs zijn in het bezit van het CCV\/D1 certificaat. Het kwaliteitskeurmerk voor excellente directiechauffeurs. [&hellip;]<\/p>\n","protected":false},"author":1,"featured_media":0,"parent":0,"menu_order":0,"comment_status":"closed","ping_status":"closed","template":"elementor_header_footer","meta":{"footnotes":""},"class_list":["post-273","page","type-page","status-publish","hentry"],"_links":{"self":[{"href":"https:\/\/taxicentralemaastricht.nl\/fr\/wp-json\/wp\/v2\/pages\/273","targetHints":{"allow":["GET"]}}],"collection":[{"href":"https:\/\/taxicentralemaastricht.nl\/fr\/wp-json\/wp\/v2\/pages"}],"about":[{"href":"https:\/\/taxicentralemaastricht.nl\/fr\/wp-json\/wp\/v2\/types\/page"}],"author":[{"embeddable":true,"href":"https:\/\/taxicentralemaastricht.nl\/fr\/wp-json\/wp\/v2\/users\/1"}],"replies":[{"embeddable":true,"href":"https:\/\/taxicentralemaastricht.nl\/fr\/wp-json\/wp\/v2\/comments?post=273"}],"version-history":[{"count":5,"href":"https:\/\/taxicentralemaastricht.nl\/fr\/wp-json\/wp\/v2\/pages\/273\/revisions"}],"predecessor-version":[{"id":588,"href":"https:\/\/taxicentralemaastricht.nl\/fr\/wp-json\/wp\/v2\/pages\/273\/revisions\/588"}],"wp:attachment":[{"href":"https:\/\/taxicentralemaastricht.nl\/fr\/wp-json\/wp\/v2\/media?parent=273"}],"curies":[{"name":"wp","href":"https:\/\/api.w.org\/{rel}","templated":true}]}}